{"id":19,"date":"2020-02-29T15:37:59","date_gmt":"2020-02-29T15:37:59","guid":{"rendered":"http:\/\/anjaschweizer.com\/?page_id=19"},"modified":"2026-03-17T09:44:07","modified_gmt":"2026-03-17T09:44:07","slug":"about","status":"publish","type":"page","link":"https:\/\/livinginbalance.info\/","title":{"rendered":"ABOUT"},"content":{"rendered":"\n<p style=\"font-size:20px\"><br><strong>Sch\u00f6n, dass du hier bist! <\/strong><br>  <\/p>\n\n\n\n<div class=\"wp-block-media-text alignwide is-stacked-on-mobile\"><figure class=\"wp-block-media-text__media\"><img loading=\"lazy\" decoding=\"async\" width=\"1024\" height=\"683\" src=\"https:\/\/livinginbalance.info\/wp-content\/uploads\/2020\/12\/Reise-2018_Kolumbien_0111s3-1024x683.jpg\" alt=\"\" class=\"wp-image-1888 size-full\" srcset=\"https:\/\/livinginbalance.info\/wp-content\/uploads\/2020\/12\/Reise-2018_Kolumbien_0111s3-1024x683.jpg 1024w, https:\/\/livinginbalance.info\/wp-content\/uploads\/2020\/12\/Reise-2018_Kolumbien_0111s3-300x200.jpg 300w, https:\/\/livinginbalance.info\/wp-content\/uploads\/2020\/12\/Reise-2018_Kolumbien_0111s3-768x512.jpg 768w, https:\/\/livinginbalance.info\/wp-content\/uploads\/2020\/12\/Reise-2018_Kolumbien_0111s3.jpg 1620w\" sizes=\"auto, (max-width: 1024px) 100vw, 1024px\" \/><\/figure><div class=\"wp-block-media-text__content\">\n<p>  <\/p>\n\n\n\n<p style=\"font-size:18px\">Erst einmal m\u00f6chte ich mich vorstellen: Ich bin Anja, 33 Jahre alt und komme aus Baden-W\u00fcrttemberg. Nach Abschluss meines Studiums im Fach Medien und Informationswesen (B.Sc., Hochschule Offenburg) habe ich mit meinem Mann sechs Jahre in Berlin gelebt und gearbeitet. Daneben habe ich eine Fernausbildung zur zertifizierten Ern\u00e4hrungsberaterin (BTB) abgeschlossen.<\/p>\n\n\n\n<p style=\"font-size:18px\">Mittlerweile wohnen wir bei Mosbach im sch\u00f6nen Neckartal, zwischen Heidelberg und Heilbronn. Ich bin seit vielen Jahren f\u00fcr <a href=\"https:\/\/www.kaffeeform.com\/de\/\" target=\"_blank\" rel=\"noreferrer noopener\">Kaffeeform<\/a> t\u00e4tig, ein kleines Berliner Unternehmen &#8211; seit unserem Umzug komplett im Home Office.<\/p>\n\n\n\n<p style=\"font-size:18px\">Meine Freizeit verbringe ich am liebsten in der Natur. Au\u00dferdem mit Kochen, Tanzen, G\u00e4rtnern, Lesen, Musik, Videos und Podcasts, Spazierg\u00e4ngen und Hunde-Sitting. Ich genie\u00dfe es, Neues zu entdecken und mich weiter zu bilden.<br> <\/p>\n<\/div><\/div>\n\n\n\n<div class=\"wp-block-media-text alignwide has-media-on-the-right is-stacked-on-mobile\"><div class=\"wp-block-media-text__content\">\n<p style=\"font-size:18px\"><br>Meinen Mann und mich hat es schon \u00f6fter in die Welt hinaus gezogen. Wir haben einige L\u00e4nder in Asien, Afrika, Mittel- und S\u00fcdamerika bereist. Neben dem Reisen haben wir dort auch in Projekten mit den Schwerpunkten Permakultur, \u00d6kotourismus und Selbstversorgung gearbeitet.<\/p>\n\n\n\n<p style=\"font-size:18px\">Die Idee, <em>mit <\/em>der Natur anstatt <em>gegen <\/em>sie zu arbeiten, besch\u00e4ftigt mich schon lange &#8211; ein grundlegendes Konzept der Permakultur. Die Themen Ern\u00e4hrung, Gesundheit und Nachhaltigkeit begeistern mich schon seit vielen Jahren und sind aus meiner Sicht eng miteinander verwoben. Und damit verbunden wichtige Fragen, beispielsweise: Wie erm\u00f6glichen wir eine zukunftsf\u00e4hige Welt f\u00fcr uns Menschen und andere Lebewesen? Wie k\u00f6nnen wir die Natur wertsch\u00e4tzen und Leid reduzieren? Wie k\u00f6nnen wir gen\u00fcgsam und dennoch erf\u00fcllt leben? <br> <br><\/p>\n<\/div><figure class=\"wp-block-media-text__media\"><img loading=\"lazy\" decoding=\"async\" width=\"1024\" height=\"683\" src=\"https:\/\/livinginbalance.info\/wp-content\/uploads\/2019\/10\/Reise-2018_Bolivien_0086_Fotobuch-Final-V1-Web-1024x683.jpg\" alt=\"\" class=\"wp-image-1444 size-full\" srcset=\"https:\/\/livinginbalance.info\/wp-content\/uploads\/2019\/10\/Reise-2018_Bolivien_0086_Fotobuch-Final-V1-Web-1024x683.jpg 1024w, https:\/\/livinginbalance.info\/wp-content\/uploads\/2019\/10\/Reise-2018_Bolivien_0086_Fotobuch-Final-V1-Web-300x200.jpg 300w, https:\/\/livinginbalance.info\/wp-content\/uploads\/2019\/10\/Reise-2018_Bolivien_0086_Fotobuch-Final-V1-Web-768x512.jpg 768w, https:\/\/livinginbalance.info\/wp-content\/uploads\/2019\/10\/Reise-2018_Bolivien_0086_Fotobuch-Final-V1-Web.jpg 1920w\" sizes=\"auto, (max-width: 1024px) 100vw, 1024px\" \/><\/figure><\/div>\n\n\n\n<div class=\"wp-block-media-text alignwide is-stacked-on-mobile\"><figure class=\"wp-block-media-text__media\"><img loading=\"lazy\" decoding=\"async\" width=\"1024\" height=\"683\" src=\"https:\/\/livinginbalance.info\/wp-content\/uploads\/2019\/10\/Reise-2018_Peru2_0170_Fotobuch-Final-V1-Web-1024x683.jpg\" alt=\"\" class=\"wp-image-1401 size-full\" srcset=\"https:\/\/livinginbalance.info\/wp-content\/uploads\/2019\/10\/Reise-2018_Peru2_0170_Fotobuch-Final-V1-Web-1024x683.jpg 1024w, https:\/\/livinginbalance.info\/wp-content\/uploads\/2019\/10\/Reise-2018_Peru2_0170_Fotobuch-Final-V1-Web-300x200.jpg 300w, https:\/\/livinginbalance.info\/wp-content\/uploads\/2019\/10\/Reise-2018_Peru2_0170_Fotobuch-Final-V1-Web-768x512.jpg 768w, https:\/\/livinginbalance.info\/wp-content\/uploads\/2019\/10\/Reise-2018_Peru2_0170_Fotobuch-Final-V1-Web.jpg 1920w\" sizes=\"auto, (max-width: 1024px) 100vw, 1024px\" \/><\/figure><div class=\"wp-block-media-text__content\">\n<p style=\"font-size:18px\"><br>Auf meiner Website m\u00f6chte ich Inspirationen f\u00fcr ein gesundes, ausgeglichenes Leben teilen. Dabei soll es weder um Verzicht noch um Perfektion gehen. Sondern vielmehr um den Fokus auf Ausgewogenheit, die Besinnung auf das Wesentliche und die Frage, was f\u00fcr ein erf\u00fclltes Leben wirklich wichtig ist.<\/p>\n\n\n\n<p style=\"font-size:18px\">Au\u00dferdem m\u00f6chte ich Erfahrungen und Eindr\u00fccke von unseren Reisen teilen, die mir die unterschiedlichsten Perspektiven er\u00f6ffnet haben und mich immer wieder dazu bewegen, innezuhalten, zu reflektieren und wertzusch\u00e4tzen.<\/p>\n\n\n\n<p style=\"font-size:18px\">Mein Mann Chris ist Fotograf und Filmemacher (<a href=\"https:\/\/christian-schaller.com\/\" target=\"_blank\" rel=\"noreferrer noopener\">schau dir gerne sein Portfolio an<\/a>) und auch ich fotografiere gerne. Eine kleine Auswahl unserer Fotos und Filme findest du hier auf meiner Seite.<br> <br><\/p>\n<\/div><\/div>\n\n\n\n<p style=\"font-size:18px\">   <br>Und jetzt: Viel Spa\u00df auf meiner Webseite und alles Gute!<\/p>\n\n\n\n<p><\/p>\n","protected":false},"excerpt":{"rendered":"<p>Sch\u00f6n, dass du hier bist! Erst einmal m\u00f6chte ich mich vorstellen: Ich bin Anja, 33 Jahre alt und komme aus Baden-W\u00fcrttemberg. Nach Abschluss meines Studiums im Fach Medien und Informationswesen (B.Sc., Hochschule Offenburg) habe ich mit meinem Mann sechs Jahre in Berlin gelebt und gearbeitet.&nbsp;<a class=\"read-more\" href=\"https:\/\/livinginbalance.info\/\">&hellip;<\/a><\/p>\n","protected":false},"author":1,"featured_media":0,"parent":0,"menu_order":0,"comment_status":"closed","ping_status":"closed","template":"","meta":{"footnotes":""},"class_list":["post-19","page","type-page","status-publish","hentry"],"yoast_head":"<!-- This site is optimized with the Yoast SEO plugin v26.4 - https:\/\/yoast.com\/wordpress\/plugins\/seo\/ -->\n<title>ABOUT - Living in Balance<\/title>\n<meta name=\"robots\" content=\"index, follow, max-snippet:-1, max-image-preview:large, max-video-preview:-1\" \/>\n<link rel=\"canonical\" href=\"https:\/\/livinginbalance.info\/\" \/>\n<meta property=\"og:locale\" content=\"de_DE\" \/>\n<meta property=\"og:type\" content=\"article\" \/>\n<meta property=\"og:title\" content=\"ABOUT - Living in Balance\" \/>\n<meta property=\"og:description\" content=\"Sch\u00f6n, dass du hier bist! Erst einmal m\u00f6chte ich mich vorstellen: Ich bin Anja, 33 Jahre alt und komme aus Baden-W\u00fcrttemberg. Nach Abschluss meines Studiums im Fach Medien und Informationswesen (B.Sc., Hochschule Offenburg) habe ich mit meinem Mann sechs Jahre in Berlin gelebt und gearbeitet.&nbsp;&hellip;\" \/>\n<meta property=\"og:url\" content=\"https:\/\/livinginbalance.info\/\" \/>\n<meta property=\"og:site_name\" content=\"Living in Balance\" \/>\n<meta property=\"article:modified_time\" content=\"2026-03-17T09:44:07+00:00\" \/>\n<meta property=\"og:image\" content=\"https:\/\/livinginbalance.info\/wp-content\/uploads\/2020\/12\/Reise-2018_Kolumbien_0111s3.jpg\" \/>\n\t<meta property=\"og:image:width\" content=\"1620\" \/>\n\t<meta property=\"og:image:height\" content=\"1080\" \/>\n\t<meta property=\"og:image:type\" content=\"image\/jpeg\" \/>\n<meta name=\"twitter:card\" content=\"summary_large_image\" \/>\n<meta name=\"twitter:label1\" content=\"Gesch\u00e4tzte Lesezeit\" \/>\n\t<meta name=\"twitter:data1\" content=\"3\u00a0Minuten\" \/>\n<script type=\"application\/ld+json\" class=\"yoast-schema-graph\">{\"@context\":\"https:\/\/schema.org\",\"@graph\":[{\"@type\":\"WebPage\",\"@id\":\"https:\/\/livinginbalance.info\/\",\"url\":\"https:\/\/livinginbalance.info\/\",\"name\":\"ABOUT - Living in Balance\",\"isPartOf\":{\"@id\":\"https:\/\/livinginbalance.info\/#website\"},\"primaryImageOfPage\":{\"@id\":\"https:\/\/livinginbalance.info\/#primaryimage\"},\"image\":{\"@id\":\"https:\/\/livinginbalance.info\/#primaryimage\"},\"thumbnailUrl\":\"https:\/\/livinginbalance.info\/wp-content\/uploads\/2020\/12\/Reise-2018_Kolumbien_0111s3-1024x683.jpg\",\"datePublished\":\"2020-02-29T15:37:59+00:00\",\"dateModified\":\"2026-03-17T09:44:07+00:00\",\"breadcrumb\":{\"@id\":\"https:\/\/livinginbalance.info\/#breadcrumb\"},\"inLanguage\":\"de\",\"potentialAction\":[{\"@type\":\"ReadAction\",\"target\":[\"https:\/\/livinginbalance.info\/\"]}]},{\"@type\":\"ImageObject\",\"inLanguage\":\"de\",\"@id\":\"https:\/\/livinginbalance.info\/#primaryimage\",\"url\":\"https:\/\/livinginbalance.info\/wp-content\/uploads\/2020\/12\/Reise-2018_Kolumbien_0111s3.jpg\",\"contentUrl\":\"https:\/\/livinginbalance.info\/wp-content\/uploads\/2020\/12\/Reise-2018_Kolumbien_0111s3.jpg\",\"width\":1620,\"height\":1080},{\"@type\":\"BreadcrumbList\",\"@id\":\"https:\/\/livinginbalance.info\/#breadcrumb\",\"itemListElement\":[{\"@type\":\"ListItem\",\"position\":1,\"name\":\"Startseite\",\"item\":\"https:\/\/livinginbalance.info\/\"},{\"@type\":\"ListItem\",\"position\":2,\"name\":\"ABOUT\"}]},{\"@type\":\"WebSite\",\"@id\":\"https:\/\/livinginbalance.info\/#website\",\"url\":\"https:\/\/livinginbalance.info\/\",\"name\":\"Living in Balance\",\"description\":\"Simple Living - Nature - Nutrition\",\"publisher\":{\"@id\":\"https:\/\/livinginbalance.info\/#organization\"},\"potentialAction\":[{\"@type\":\"SearchAction\",\"target\":{\"@type\":\"EntryPoint\",\"urlTemplate\":\"https:\/\/livinginbalance.info\/?s={search_term_string}\"},\"query-input\":{\"@type\":\"PropertyValueSpecification\",\"valueRequired\":true,\"valueName\":\"search_term_string\"}}],\"inLanguage\":\"de\"},{\"@type\":\"Organization\",\"@id\":\"https:\/\/livinginbalance.info\/#organization\",\"name\":\"Living in Balance\",\"url\":\"https:\/\/livinginbalance.info\/\",\"logo\":{\"@type\":\"ImageObject\",\"inLanguage\":\"de\",\"@id\":\"https:\/\/livinginbalance.info\/#\/schema\/logo\/image\/\",\"url\":\"https:\/\/livinginbalance.info\/wp-content\/uploads\/2025\/04\/cropped-living-in-balance-wide-scaled-2.png\",\"contentUrl\":\"https:\/\/livinginbalance.info\/wp-content\/uploads\/2025\/04\/cropped-living-in-balance-wide-scaled-2.png\",\"width\":2492,\"height\":631,\"caption\":\"Living in Balance\"},\"image\":{\"@id\":\"https:\/\/livinginbalance.info\/#\/schema\/logo\/image\/\"}}]}<\/script>\n<!-- \/ Yoast SEO plugin. -->","yoast_head_json":{"title":"ABOUT - Living in Balance","robots":{"index":"index","follow":"follow","max-snippet":"max-snippet:-1","max-image-preview":"max-image-preview:large","max-video-preview":"max-video-preview:-1"},"canonical":"https:\/\/livinginbalance.info\/","og_locale":"de_DE","og_type":"article","og_title":"ABOUT - Living in Balance","og_description":"Sch\u00f6n, dass du hier bist! Erst einmal m\u00f6chte ich mich vorstellen: Ich bin Anja, 33 Jahre alt und komme aus Baden-W\u00fcrttemberg. Nach Abschluss meines Studiums im Fach Medien und Informationswesen (B.Sc., Hochschule Offenburg) habe ich mit meinem Mann sechs Jahre in Berlin gelebt und gearbeitet.&nbsp;&hellip;","og_url":"https:\/\/livinginbalance.info\/","og_site_name":"Living in Balance","article_modified_time":"2026-03-17T09:44:07+00:00","og_image":[{"width":1620,"height":1080,"url":"https:\/\/livinginbalance.info\/wp-content\/uploads\/2020\/12\/Reise-2018_Kolumbien_0111s3.jpg","type":"image\/jpeg"}],"twitter_card":"summary_large_image","twitter_misc":{"Gesch\u00e4tzte Lesezeit":"3\u00a0Minuten"},"schema":{"@context":"https:\/\/schema.org","@graph":[{"@type":"WebPage","@id":"https:\/\/livinginbalance.info\/","url":"https:\/\/livinginbalance.info\/","name":"ABOUT - Living in Balance","isPartOf":{"@id":"https:\/\/livinginbalance.info\/#website"},"primaryImageOfPage":{"@id":"https:\/\/livinginbalance.info\/#primaryimage"},"image":{"@id":"https:\/\/livinginbalance.info\/#primaryimage"},"thumbnailUrl":"https:\/\/livinginbalance.info\/wp-content\/uploads\/2020\/12\/Reise-2018_Kolumbien_0111s3-1024x683.jpg","datePublished":"2020-02-29T15:37:59+00:00","dateModified":"2026-03-17T09:44:07+00:00","breadcrumb":{"@id":"https:\/\/livinginbalance.info\/#breadcrumb"},"inLanguage":"de","potentialAction":[{"@type":"ReadAction","target":["https:\/\/livinginbalance.info\/"]}]},{"@type":"ImageObject","inLanguage":"de","@id":"https:\/\/livinginbalance.info\/#primaryimage","url":"https:\/\/livinginbalance.info\/wp-content\/uploads\/2020\/12\/Reise-2018_Kolumbien_0111s3.jpg","contentUrl":"https:\/\/livinginbalance.info\/wp-content\/uploads\/2020\/12\/Reise-2018_Kolumbien_0111s3.jpg","width":1620,"height":1080},{"@type":"BreadcrumbList","@id":"https:\/\/livinginbalance.info\/#breadcrumb","itemListElement":[{"@type":"ListItem","position":1,"name":"Startseite","item":"https:\/\/livinginbalance.info\/"},{"@type":"ListItem","position":2,"name":"ABOUT"}]},{"@type":"WebSite","@id":"https:\/\/livinginbalance.info\/#website","url":"https:\/\/livinginbalance.info\/","name":"Living in Balance","description":"Simple Living - Nature - Nutrition","publisher":{"@id":"https:\/\/livinginbalance.info\/#organization"},"potentialAction":[{"@type":"SearchAction","target":{"@type":"EntryPoint","urlTemplate":"https:\/\/livinginbalance.info\/?s={search_term_string}"},"query-input":{"@type":"PropertyValueSpecification","valueRequired":true,"valueName":"search_term_string"}}],"inLanguage":"de"},{"@type":"Organization","@id":"https:\/\/livinginbalance.info\/#organization","name":"Living in Balance","url":"https:\/\/livinginbalance.info\/","logo":{"@type":"ImageObject","inLanguage":"de","@id":"https:\/\/livinginbalance.info\/#\/schema\/logo\/image\/","url":"https:\/\/livinginbalance.info\/wp-content\/uploads\/2025\/04\/cropped-living-in-balance-wide-scaled-2.png","contentUrl":"https:\/\/livinginbalance.info\/wp-content\/uploads\/2025\/04\/cropped-living-in-balance-wide-scaled-2.png","width":2492,"height":631,"caption":"Living in Balance"},"image":{"@id":"https:\/\/livinginbalance.info\/#\/schema\/logo\/image\/"}}]}},"_links":{"self":[{"href":"https:\/\/livinginbalance.info\/index.php?rest_route=\/wp\/v2\/pages\/19","targetHints":{"allow":["GET"]}}],"collection":[{"href":"https:\/\/livinginbalance.info\/index.php?rest_route=\/wp\/v2\/pages"}],"about":[{"href":"https:\/\/livinginbalance.info\/index.php?rest_route=\/wp\/v2\/types\/page"}],"author":[{"embeddable":true,"href":"https:\/\/livinginbalance.info\/index.php?rest_route=\/wp\/v2\/users\/1"}],"replies":[{"embeddable":true,"href":"https:\/\/livinginbalance.info\/index.php?rest_route=%2Fwp%2Fv2%2Fcomments&post=19"}],"version-history":[{"count":366,"href":"https:\/\/livinginbalance.info\/index.php?rest_route=\/wp\/v2\/pages\/19\/revisions"}],"predecessor-version":[{"id":4501,"href":"https:\/\/livinginbalance.info\/index.php?rest_route=\/wp\/v2\/pages\/19\/revisions\/4501"}],"wp:attachment":[{"href":"https:\/\/livinginbalance.info\/index.php?rest_route=%2Fwp%2Fv2%2Fmedia&parent=19"}],"curies":[{"name":"wp","href":"https:\/\/api.w.org\/{rel}","templated":true}]}}