{"id":4019,"date":"2025-07-28T20:50:17","date_gmt":"2025-07-28T20:50:17","guid":{"rendered":"https:\/\/livinginbalance.info\/?page_id=4019"},"modified":"2026-03-17T09:51:14","modified_gmt":"2026-03-17T09:51:14","slug":"nutrition","status":"publish","type":"page","link":"https:\/\/livinginbalance.info\/?page_id=4019","title":{"rendered":"NUTRITION"},"content":{"rendered":"\n<figure class=\"wp-block-image size-large\"><img loading=\"lazy\" decoding=\"async\" width=\"1024\" height=\"506\" src=\"https:\/\/livinginbalance.info\/wp-content\/uploads\/2025\/07\/Banner-e1753880630537-1024x506.jpg\" alt=\"\" class=\"wp-image-4044\" style=\"aspect-ratio:16\/9;object-fit:contain\" srcset=\"https:\/\/livinginbalance.info\/wp-content\/uploads\/2025\/07\/Banner-e1753880630537-1024x506.jpg 1024w, https:\/\/livinginbalance.info\/wp-content\/uploads\/2025\/07\/Banner-e1753880630537-300x148.jpg 300w, https:\/\/livinginbalance.info\/wp-content\/uploads\/2025\/07\/Banner-e1753880630537-768x379.jpg 768w, https:\/\/livinginbalance.info\/wp-content\/uploads\/2025\/07\/Banner-e1753880630537-1536x759.jpg 1536w, https:\/\/livinginbalance.info\/wp-content\/uploads\/2025\/07\/Banner-e1753880630537.jpg 1950w\" sizes=\"auto, (max-width: 1024px) 100vw, 1024px\" \/><\/figure>\n\n\n\n<div class=\"wp-block-columns is-layout-flex wp-container-core-columns-is-layout-9d6595d7 wp-block-columns-is-layout-flex\">\n<div class=\"wp-block-column is-layout-flow wp-block-column-is-layout-flow\">\n<div class=\"wp-block-columns is-layout-flex wp-container-core-columns-is-layout-9d6595d7 wp-block-columns-is-layout-flex\">\n<div class=\"wp-block-column is-layout-flow wp-block-column-is-layout-flow\" style=\"flex-basis:66.66%\">\n<h2 class=\"wp-block-heading\">     <br><strong>Wissensvermittlung rund um das Thema Ern\u00e4hrung<\/strong><\/h2>\n\n\n\n<p style=\"font-size:18px\"><br>Seit 2020 bin ich zertifizierte Ern\u00e4hrungsberaterin und habe meine Fernausbildung beim Bildungswerk f\u00fcr therapeutische Berufe (BTB) abgeschlossen. Zudem bilde ich mich seit vielen Jahren eigenst\u00e4ndig zum Thema Ern\u00e4hrung weiter &#8211; \u00fcber B\u00fccher, Seminare und Beitr\u00e4ge von Medizinern und Ern\u00e4hrungswissenschaftlern. Ern\u00e4hrung fasziniert mich schon lange &#8211; zu erfahren, wie stark sie Gesundheit und Wohlbefinden beeinflusst und wie viel Leid und Krankheit durch die Ern\u00e4hrung verhindert werden kann, hat meine Faszination noch weiter best\u00e4rkt.<\/p>\n\n\n\n<p style=\"font-size:18px\">Aber das ist nat\u00fcrlich nicht alles &#8211; denn Essen soll vor allem eines: Spa\u00df machen! Eine gesunde, vielseitige Ern\u00e4hrung kennt aus meiner Sicht keine Verbote, keine strengen Regeln. Es geht vielmehr um Ausgewogenheit, Vielfalt und Neugier zu lernen, was unser K\u00f6rper wirklich ben\u00f6tigt, um gesund und fit zu sein.<\/p>\n\n\n\n<p style=\"font-size:18px\">Als studierte Medienschaffende (B.Sc. Medien und Informationswesen) ist es mir wichtig, Inhalte ansprechend, einfach und verst\u00e4ndlich aufzubereiten. Ich sehe mich als Wissensvermittlerin zum Thema Ern\u00e4hrung, im Speziellen zu pflanzenbetonten Ern\u00e4hrungsweisen. Aktuell arbeite ich nicht im klassischen Sinne als Ern\u00e4hrungsberaterin, erstelle aber kostenlose <a href=\"https:\/\/www.youtube.com\/@livinginbalanceinfo\" target=\"_blank\" rel=\"noreferrer noopener\">Videos zum Thema Ern\u00e4hrung auf YouTube<\/a> und <a href=\"https:\/\/livinginbalance.info\/?page_id=23\" target=\"_blank\" rel=\"noreferrer noopener\">Blogbeitr\u00e4ge<\/a>.<\/p>\n\n\n\n<p style=\"font-size:18px\">Zudem kann ich gerne meine Hilfe rund um Ern\u00e4hrungsfragen anbieten. Dazu gen\u00fcgt eine kurze Anfrage \u00fcber mein <a href=\"https:\/\/livinginbalance.info\/?page_id=26\"><strong>Kontaktformular<\/strong><\/a>.<br> <br><\/p>\n\n\n\n<h2 class=\"wp-block-heading\" style=\"font-size:18px\"><strong>1.  N\u00e4hrstoff- und Supplement-Check<\/strong><\/h2>\n\n\n\n<p style=\"font-size:18px\"><br><strong>Du bist dir nicht sicher, ob deine Ern\u00e4hrung alle essentiellen N\u00e4hrstoffe abdeckt, die dein K\u00f6rper braucht?<\/strong> Du wei\u00dft nicht genau, ob du supplementieren solltest, was und wie viel? Dann helfe ich dir gerne weiter. <br><br>In einem von mir entwickelten Fragebogen schauen wir uns deine Ern\u00e4hrungsgewohnheiten an, welche Lebensmittel du in welchen Mengen isst oder meidest, wie dein Lebensstil aussieht und ob du eventuell unter ern\u00e4hrungs(mit)bedingten Beschwerden leidest. Falls du aktuell bereits Supplements einnimmst, kannst du mir gerne ein Bild der Verpackungen bzw. Inhaltsangaben schicken.<br><br>Nach Auswertung des detaillierten, drei-seitigen Fragebogens kann ich eine gute Einsch\u00e4tzung abgeben, ob deine Ern\u00e4hrung alle essentiellen N\u00e4hrstoffe abdeckt oder in deinem Fall eine Nahrungserg\u00e4nzung Sinn macht. Ich kann dir eine Empfehlung zu den jeweiligen N\u00e4hrstoffen und Dosierungen geben und verschiedene Arten der Nahrungserg\u00e4nzung erkl\u00e4ren. Zudem kann ich dir gerne eine grunds\u00e4tzliche Einsch\u00e4tzung zu deiner Ern\u00e4hrungsweise geben, an welchen Stellen sich diese verbessern l\u00e4sst und auf was du besonders achten kannst.<br><br><strong>Ablauf Supplement-Check<\/strong><br> <strong>1. <\/strong> Du kontaktierst mich \u00fcber mein <a href=\"https:\/\/livinginbalance.info\/?page_id=26\"><strong>Kontaktformular<\/strong><\/a>.<br> <strong>2. <\/strong> Ich schicke dir einen Fragebogen per E-Mail.<br> <strong>3. <\/strong> Du f\u00fcllst diesen aus (Dauer ca. 10-15 min) und schickst ihn mir zur\u00fcck.<br> <strong>4. <\/strong> Du erh\u00e4ltst meine individuellen Empfehlungen f\u00fcr dich per E-Mail.<br> (Bearbeitungsdauer ca. 3 Werktage)<br><br>Ich nehme mir f\u00fcr die Auswertung deines Fragebogens und die Zusammenstellung meiner Empfehlungen etwa eine Stunde Zeit. <br> <br><\/p>\n\n\n\n<p><\/p>\n\n\n\n<h2 class=\"wp-block-heading\" style=\"font-size:18px\"><strong>2.  Ern\u00e4hrungsfragen per E-Mail<\/strong><\/h2>\n\n\n\n<p style=\"font-size:18px\"><br><strong>Hast du Fragen zum Thema Ern\u00e4hrung? <\/strong>Bist du dir unsicher, was du \u00fcberhaupt noch essen &#8222;darfst&#8220; und was nicht? Was gesund und was ungesund ist? Hast du Fragen zu bestimmten Lebensmitteln oder N\u00e4hrstoffen? Oder eine Probematik mit deinem Ern\u00e4hrungsverhalten?<br><br>ChatGPT kann dir zwar ein paar nette Ern\u00e4hrungstipps geben &#8211; bei individuellen Ern\u00e4hrungsfragen, die deine Gesundheit wesentlich beeinflussen, solltest du dich aber wirklich nicht auf &#8222;Mister AI&#8220; verlassen \ud83d\ude09 <br><br>Vielleicht hast du auch ern\u00e4hrungs(mit)bedingte Beschwerden wie \u00dcbergewicht, M\u00fcdigkeit, Energielosigkeit, Verdauungsbeschwerden, Probleme mit Haut, Haaren, N\u00e4geln? Oder du bist dir nicht sicher, was deine Nahrungszusammenstellung oder -Zubereitung angeht? Vielleicht bist du auch etwas ratlos, was verschiedene Ern\u00e4hrungsempfehlungen und Trends in den Medien betrifft. Egal was es ist &#8211; mit meinem Wissen kann ich dir eine fundierte Einordnung geben. <br><br>Schreib mir deine Frage gerne \u00fcber mein <a href=\"https:\/\/livinginbalance.info\/?page_id=26\"><strong>Kontaktformular<\/strong><\/a>. <\/p>\n\n\n\n<blockquote class=\"wp-block-quote is-layout-flow wp-block-quote-is-layout-flow\">\n<p style=\"font-size:18px\"><\/p>\n<\/blockquote>\n<\/div>\n\n\n\n<div class=\"wp-block-column is-layout-flow wp-block-column-is-layout-flow\" style=\"flex-basis:33.33%\">\n<figure class=\"wp-block-image size-full\"><img loading=\"lazy\" decoding=\"async\" width=\"571\" height=\"2560\" src=\"https:\/\/livinginbalance.info\/wp-content\/uploads\/2025\/08\/Formular15-scaled.png\" alt=\"\" class=\"wp-image-4360\" srcset=\"https:\/\/livinginbalance.info\/wp-content\/uploads\/2025\/08\/Formular15-scaled.png 571w, https:\/\/livinginbalance.info\/wp-content\/uploads\/2025\/08\/Formular15-67x300.png 67w, https:\/\/livinginbalance.info\/wp-content\/uploads\/2025\/08\/Formular15-457x2048.png 457w\" sizes=\"auto, (max-width: 571px) 100vw, 571px\" \/><\/figure>\n<\/div>\n<\/div>\n\n\n\n<p class=\"has-medium-font-size\"><\/p>\n\n\n\n<p class=\"has-medium-font-size\"><\/p>\n\n\n\n<p class=\"has-medium-font-size\"><\/p>\n<\/div>\n<\/div>\n\n\n\n<p class=\"has-medium-font-size\"><\/p>\n","protected":false},"excerpt":{"rendered":"<p>Wissensvermittlung rund um das Thema Ern\u00e4hrung Seit 2020 bin ich zertifizierte Ern\u00e4hrungsberaterin und habe meine Fernausbildung beim Bildungswerk f\u00fcr therapeutische Berufe (BTB) abgeschlossen. Zudem bilde ich mich seit vielen Jahren eigenst\u00e4ndig zum Thema Ern\u00e4hrung weiter &#8211; \u00fcber B\u00fccher, Seminare und Beitr\u00e4ge von Medizinern und Ern\u00e4hrungswissenschaftlern.&nbsp;<a class=\"read-more\" href=\"https:\/\/livinginbalance.info\/?page_id=4019\">&hellip;<\/a><\/p>\n","protected":false},"author":1,"featured_media":0,"parent":0,"menu_order":0,"comment_status":"closed","ping_status":"closed","template":"","meta":{"footnotes":""},"class_list":["post-4019","page","type-page","status-publish","hentry"],"yoast_head":"<!-- This site is optimized with the Yoast SEO plugin v26.4 - https:\/\/yoast.com\/wordpress\/plugins\/seo\/ -->\n<title>NUTRITION - Living in Balance<\/title>\n<meta name=\"robots\" content=\"index, follow, max-snippet:-1, max-image-preview:large, max-video-preview:-1\" \/>\n<link rel=\"canonical\" href=\"https:\/\/livinginbalance.info\/?page_id=4019\" \/>\n<meta property=\"og:locale\" content=\"de_DE\" \/>\n<meta property=\"og:type\" content=\"article\" \/>\n<meta property=\"og:title\" content=\"NUTRITION - Living in Balance\" \/>\n<meta property=\"og:description\" content=\"Wissensvermittlung rund um das Thema Ern\u00e4hrung Seit 2020 bin ich zertifizierte Ern\u00e4hrungsberaterin und habe meine Fernausbildung beim Bildungswerk f\u00fcr therapeutische Berufe (BTB) abgeschlossen. Zudem bilde ich mich seit vielen Jahren eigenst\u00e4ndig zum Thema Ern\u00e4hrung weiter &#8211; \u00fcber B\u00fccher, Seminare und Beitr\u00e4ge von Medizinern und Ern\u00e4hrungswissenschaftlern.&nbsp;&hellip;\" \/>\n<meta property=\"og:url\" content=\"https:\/\/livinginbalance.info\/?page_id=4019\" \/>\n<meta property=\"og:site_name\" content=\"Living in Balance\" \/>\n<meta property=\"article:modified_time\" content=\"2026-03-17T09:51:14+00:00\" \/>\n<meta property=\"og:image\" content=\"https:\/\/livinginbalance.info\/wp-content\/uploads\/2025\/07\/Banner-e1753880630537.jpg\" \/>\n\t<meta property=\"og:image:width\" content=\"1950\" \/>\n\t<meta property=\"og:image:height\" content=\"963\" \/>\n\t<meta property=\"og:image:type\" content=\"image\/jpeg\" \/>\n<meta name=\"twitter:card\" content=\"summary_large_image\" \/>\n<meta name=\"twitter:label1\" content=\"Gesch\u00e4tzte Lesezeit\" \/>\n\t<meta name=\"twitter:data1\" content=\"4\u00a0Minuten\" \/>\n<script type=\"application\/ld+json\" class=\"yoast-schema-graph\">{\"@context\":\"https:\/\/schema.org\",\"@graph\":[{\"@type\":\"WebPage\",\"@id\":\"https:\/\/livinginbalance.info\/?page_id=4019\",\"url\":\"https:\/\/livinginbalance.info\/?page_id=4019\",\"name\":\"NUTRITION - Living in Balance\",\"isPartOf\":{\"@id\":\"https:\/\/livinginbalance.info\/#website\"},\"primaryImageOfPage\":{\"@id\":\"https:\/\/livinginbalance.info\/?page_id=4019#primaryimage\"},\"image\":{\"@id\":\"https:\/\/livinginbalance.info\/?page_id=4019#primaryimage\"},\"thumbnailUrl\":\"https:\/\/livinginbalance.info\/wp-content\/uploads\/2025\/07\/Banner-e1753880630537-1024x506.jpg\",\"datePublished\":\"2025-07-28T20:50:17+00:00\",\"dateModified\":\"2026-03-17T09:51:14+00:00\",\"breadcrumb\":{\"@id\":\"https:\/\/livinginbalance.info\/?page_id=4019#breadcrumb\"},\"inLanguage\":\"de\",\"potentialAction\":[{\"@type\":\"ReadAction\",\"target\":[\"https:\/\/livinginbalance.info\/?page_id=4019\"]}]},{\"@type\":\"ImageObject\",\"inLanguage\":\"de\",\"@id\":\"https:\/\/livinginbalance.info\/?page_id=4019#primaryimage\",\"url\":\"https:\/\/livinginbalance.info\/wp-content\/uploads\/2025\/07\/Banner-e1753880630537.jpg\",\"contentUrl\":\"https:\/\/livinginbalance.info\/wp-content\/uploads\/2025\/07\/Banner-e1753880630537.jpg\",\"width\":1950,\"height\":963},{\"@type\":\"BreadcrumbList\",\"@id\":\"https:\/\/livinginbalance.info\/?page_id=4019#breadcrumb\",\"itemListElement\":[{\"@type\":\"ListItem\",\"position\":1,\"name\":\"Startseite\",\"item\":\"https:\/\/livinginbalance.info\/\"},{\"@type\":\"ListItem\",\"position\":2,\"name\":\"NUTRITION\"}]},{\"@type\":\"WebSite\",\"@id\":\"https:\/\/livinginbalance.info\/#website\",\"url\":\"https:\/\/livinginbalance.info\/\",\"name\":\"Living in Balance\",\"description\":\"Simple Living - Nature - Nutrition\",\"publisher\":{\"@id\":\"https:\/\/livinginbalance.info\/#organization\"},\"potentialAction\":[{\"@type\":\"SearchAction\",\"target\":{\"@type\":\"EntryPoint\",\"urlTemplate\":\"https:\/\/livinginbalance.info\/?s={search_term_string}\"},\"query-input\":{\"@type\":\"PropertyValueSpecification\",\"valueRequired\":true,\"valueName\":\"search_term_string\"}}],\"inLanguage\":\"de\"},{\"@type\":\"Organization\",\"@id\":\"https:\/\/livinginbalance.info\/#organization\",\"name\":\"Living in Balance\",\"url\":\"https:\/\/livinginbalance.info\/\",\"logo\":{\"@type\":\"ImageObject\",\"inLanguage\":\"de\",\"@id\":\"https:\/\/livinginbalance.info\/#\/schema\/logo\/image\/\",\"url\":\"https:\/\/livinginbalance.info\/wp-content\/uploads\/2025\/04\/cropped-living-in-balance-wide-scaled-2.png\",\"contentUrl\":\"https:\/\/livinginbalance.info\/wp-content\/uploads\/2025\/04\/cropped-living-in-balance-wide-scaled-2.png\",\"width\":2492,\"height\":631,\"caption\":\"Living in Balance\"},\"image\":{\"@id\":\"https:\/\/livinginbalance.info\/#\/schema\/logo\/image\/\"}}]}<\/script>\n<!-- \/ Yoast SEO plugin. -->","yoast_head_json":{"title":"NUTRITION - Living in Balance","robots":{"index":"index","follow":"follow","max-snippet":"max-snippet:-1","max-image-preview":"max-image-preview:large","max-video-preview":"max-video-preview:-1"},"canonical":"https:\/\/livinginbalance.info\/?page_id=4019","og_locale":"de_DE","og_type":"article","og_title":"NUTRITION - Living in Balance","og_description":"Wissensvermittlung rund um das Thema Ern\u00e4hrung Seit 2020 bin ich zertifizierte Ern\u00e4hrungsberaterin und habe meine Fernausbildung beim Bildungswerk f\u00fcr therapeutische Berufe (BTB) abgeschlossen. Zudem bilde ich mich seit vielen Jahren eigenst\u00e4ndig zum Thema Ern\u00e4hrung weiter &#8211; \u00fcber B\u00fccher, Seminare und Beitr\u00e4ge von Medizinern und Ern\u00e4hrungswissenschaftlern.&nbsp;&hellip;","og_url":"https:\/\/livinginbalance.info\/?page_id=4019","og_site_name":"Living in Balance","article_modified_time":"2026-03-17T09:51:14+00:00","og_image":[{"width":1950,"height":963,"url":"https:\/\/livinginbalance.info\/wp-content\/uploads\/2025\/07\/Banner-e1753880630537.jpg","type":"image\/jpeg"}],"twitter_card":"summary_large_image","twitter_misc":{"Gesch\u00e4tzte Lesezeit":"4\u00a0Minuten"},"schema":{"@context":"https:\/\/schema.org","@graph":[{"@type":"WebPage","@id":"https:\/\/livinginbalance.info\/?page_id=4019","url":"https:\/\/livinginbalance.info\/?page_id=4019","name":"NUTRITION - Living in Balance","isPartOf":{"@id":"https:\/\/livinginbalance.info\/#website"},"primaryImageOfPage":{"@id":"https:\/\/livinginbalance.info\/?page_id=4019#primaryimage"},"image":{"@id":"https:\/\/livinginbalance.info\/?page_id=4019#primaryimage"},"thumbnailUrl":"https:\/\/livinginbalance.info\/wp-content\/uploads\/2025\/07\/Banner-e1753880630537-1024x506.jpg","datePublished":"2025-07-28T20:50:17+00:00","dateModified":"2026-03-17T09:51:14+00:00","breadcrumb":{"@id":"https:\/\/livinginbalance.info\/?page_id=4019#breadcrumb"},"inLanguage":"de","potentialAction":[{"@type":"ReadAction","target":["https:\/\/livinginbalance.info\/?page_id=4019"]}]},{"@type":"ImageObject","inLanguage":"de","@id":"https:\/\/livinginbalance.info\/?page_id=4019#primaryimage","url":"https:\/\/livinginbalance.info\/wp-content\/uploads\/2025\/07\/Banner-e1753880630537.jpg","contentUrl":"https:\/\/livinginbalance.info\/wp-content\/uploads\/2025\/07\/Banner-e1753880630537.jpg","width":1950,"height":963},{"@type":"BreadcrumbList","@id":"https:\/\/livinginbalance.info\/?page_id=4019#breadcrumb","itemListElement":[{"@type":"ListItem","position":1,"name":"Startseite","item":"https:\/\/livinginbalance.info\/"},{"@type":"ListItem","position":2,"name":"NUTRITION"}]},{"@type":"WebSite","@id":"https:\/\/livinginbalance.info\/#website","url":"https:\/\/livinginbalance.info\/","name":"Living in Balance","description":"Simple Living - Nature - Nutrition","publisher":{"@id":"https:\/\/livinginbalance.info\/#organization"},"potentialAction":[{"@type":"SearchAction","target":{"@type":"EntryPoint","urlTemplate":"https:\/\/livinginbalance.info\/?s={search_term_string}"},"query-input":{"@type":"PropertyValueSpecification","valueRequired":true,"valueName":"search_term_string"}}],"inLanguage":"de"},{"@type":"Organization","@id":"https:\/\/livinginbalance.info\/#organization","name":"Living in Balance","url":"https:\/\/livinginbalance.info\/","logo":{"@type":"ImageObject","inLanguage":"de","@id":"https:\/\/livinginbalance.info\/#\/schema\/logo\/image\/","url":"https:\/\/livinginbalance.info\/wp-content\/uploads\/2025\/04\/cropped-living-in-balance-wide-scaled-2.png","contentUrl":"https:\/\/livinginbalance.info\/wp-content\/uploads\/2025\/04\/cropped-living-in-balance-wide-scaled-2.png","width":2492,"height":631,"caption":"Living in Balance"},"image":{"@id":"https:\/\/livinginbalance.info\/#\/schema\/logo\/image\/"}}]}},"_links":{"self":[{"href":"https:\/\/livinginbalance.info\/index.php?rest_route=\/wp\/v2\/pages\/4019","targetHints":{"allow":["GET"]}}],"collection":[{"href":"https:\/\/livinginbalance.info\/index.php?rest_route=\/wp\/v2\/pages"}],"about":[{"href":"https:\/\/livinginbalance.info\/index.php?rest_route=\/wp\/v2\/types\/page"}],"author":[{"embeddable":true,"href":"https:\/\/livinginbalance.info\/index.php?rest_route=\/wp\/v2\/users\/1"}],"replies":[{"embeddable":true,"href":"https:\/\/livinginbalance.info\/index.php?rest_route=%2Fwp%2Fv2%2Fcomments&post=4019"}],"version-history":[{"count":209,"href":"https:\/\/livinginbalance.info\/index.php?rest_route=\/wp\/v2\/pages\/4019\/revisions"}],"predecessor-version":[{"id":4505,"href":"https:\/\/livinginbalance.info\/index.php?rest_route=\/wp\/v2\/pages\/4019\/revisions\/4505"}],"wp:attachment":[{"href":"https:\/\/livinginbalance.info\/index.php?rest_route=%2Fwp%2Fv2%2Fmedia&parent=4019"}],"curies":[{"name":"wp","href":"https:\/\/api.w.org\/{rel}","templated":true}]}}